{"id":693,"date":"2020-04-22T08:57:49","date_gmt":"2020-04-22T06:57:49","guid":{"rendered":"https:\/\/www.bd-sit.com\/?post_type=product&#038;p=693"},"modified":"2020-07-20T09:55:59","modified_gmt":"2020-07-20T07:55:59","slug":"nitea-mixing-valve","status":"publish","type":"product","link":"https:\/\/www.bd-sit.com\/it\/prodotto\/nitea-mixing-valve\/","title":{"rendered":"VALVOLA MISCELATRICE NITEA"},"content":{"rendered":"<p>NiTea\u00ae \u00e8 una valvola di miscelazione per macchine da caff\u00e8 professionali in grado di erogare acqua calda per la preparazione di infusi alla temperatura desiderata, con un alto grado di precisione e stabilit\u00e0. Il sistema \u00e8 in grado di miscelare l'acqua calda proveniente dalla caldaia e l'acqua fredda proveniente dalla rete idrica in modo passivo, senza necessit\u00e0 di alimentazione elettrica, garantendo un\u2019acqua miscelata sempre alla temperatura ottimale. La valvola si comporta in modo reattivo grazie ad un attuatore in materiale a memoria di forma, che varia il rapporto di miscelazione compensando eventuali fluttuazioni delle condizioni di lavoro. La possibilit\u00e0 di impostare la temperatura di erogazione rende il sistema capace di soddisfare gli utilizzatori pi\u00f9 esigenti senza aumentare la complessit\u00e0 del circuito idraulico tradizionale della macchina.<\/p>\n<p>Maggiori informazioni su <a href=\"http:\/\/www.dolphinfluidics.com\/en\/thermostatic-valves-mixer-nitea\" target=\"_blank\" rel=\"nofollow noopener noreferrer\">www.dolphinfluidics.com<\/a><\/p>","protected":false},"excerpt":{"rendered":"<p>NiTea\u00ae \u00e8 una valvola di miscelazione per macchine da caff\u00e8 professionali in grado di erogare acqua calda per la preparazione di infusi alla temperatura desiderata, con un alto grado di precisione e stabilit\u00e0.<\/p>","protected":false},"featured_media":694,"template":"","meta":[],"_links":{"self":[{"href":"https:\/\/www.bd-sit.com\/it\/wp-json\/wp\/v2\/product\/693"}],"collection":[{"href":"https:\/\/www.bd-sit.com\/it\/wp-json\/wp\/v2\/product"}],"about":[{"href":"https:\/\/www.bd-sit.com\/it\/wp-json\/wp\/v2\/types\/product"}],"wp:featuredmedia":[{"embeddable":true,"href":"https:\/\/www.bd-sit.com\/it\/wp-json\/wp\/v2\/media\/694"}],"wp:attachment":[{"href":"https:\/\/www.bd-sit.com\/it\/wp-json\/wp\/v2\/media?parent=693"}],"curies":[{"name":"wp","href":"https:\/\/api.w.org\/{rel}","templated":true}]}}