{"id":690,"date":"2020-04-22T08:55:32","date_gmt":"2020-04-22T06:55:32","guid":{"rendered":"https:\/\/www.bd-sit.com\/?post_type=product&#038;p=690"},"modified":"2020-07-20T09:54:04","modified_gmt":"2020-07-20T07:54:04","slug":"df-smart-on-off-and-proportional-valves","status":"publish","type":"product","link":"https:\/\/www.bd-sit.com\/it\/prodotto\/df-smart-on-off-and-proportional-valves\/","title":{"rendered":"VALVOLE DF SMART ON\/OFF E PROPORZIONALI"},"content":{"rendered":"<div class=\"panel-body\">\n<p>La valvola di Dolphin Fluidics \u00e8 un sistema modulare a 2 vie a separazione totale, con controllo on\/off e proporzionale per dosare, dispensare e miscelare i fluidi con estrema precisione. Grazie all\u2019integrazione di sensori e dell\u2019elettronica di comunicazione, la valvola Dolphin Fluidics consente di gestire e controllare i flussi anche da remoto. Grazie a queste caratteristiche, rappresenta la soluzione pi\u00f9 intelligente, igienica, leggera, piccola ed efficiente per controllare in modo proporzionale il flusso. Ogni valvola pu\u00f2 essere facilmente customizzata per soddisfare i requisiti funzionali pi\u00f9 stringenti delle diverse applicazioni, in termini di interfaccia, prestazioni dei fluidi ed elettronica di controllo.\n\nPer maggiori informazioni visita il sito www.dolphinfluidics.it<\/p>\n<p>Maggiori informazioni su <a href=\"http:\/\/www.dolphinfluidics.com\/en\/electronic-valves\" target=\"_blank\" rel=\"nofollow noreferrer noopener\">www.dolphinfluidics.com<\/a><\/p>\n<\/div>","protected":false},"excerpt":{"rendered":"<p>La valvola di Dolphin Fluidics \u00e8 un sistema modulare a 2 vie a separazione totale, con controllo on\/off e proporzionale per dosare, dispensare e miscelare i fluidi con estrema precisione.<\/p>","protected":false},"featured_media":692,"template":"","meta":[],"_links":{"self":[{"href":"https:\/\/www.bd-sit.com\/it\/wp-json\/wp\/v2\/product\/690"}],"collection":[{"href":"https:\/\/www.bd-sit.com\/it\/wp-json\/wp\/v2\/product"}],"about":[{"href":"https:\/\/www.bd-sit.com\/it\/wp-json\/wp\/v2\/types\/product"}],"wp:featuredmedia":[{"embeddable":true,"href":"https:\/\/www.bd-sit.com\/it\/wp-json\/wp\/v2\/media\/692"}],"wp:attachment":[{"href":"https:\/\/www.bd-sit.com\/it\/wp-json\/wp\/v2\/media?parent=690"}],"curies":[{"name":"wp","href":"https:\/\/api.w.org\/{rel}","templated":true}]}}