{"id":674,"date":"2020-04-21T12:04:13","date_gmt":"2020-04-21T10:04:13","guid":{"rendered":"https:\/\/www.bd-sit.com\/?post_type=product&#038;p=674"},"modified":"2020-07-20T10:34:04","modified_gmt":"2020-07-20T08:34:04","slug":"pmfr-series-vane-pumps","status":"publish","type":"product","link":"https:\/\/www.bd-sit.com\/it\/prodotto\/pmfr-series-vane-pumps\/","title":{"rendered":"POMPE A PALETTE SERIE PMFR"},"content":{"rendered":"<p>La serie PMFR abbina le pompe volumetriche rotative a palette con un motore a velocit\u00e0 unica dalla massima efficienza, con un accoppiamento magnetico e privo di tenuta. L'accoppiamento magnetico offre la massima affidabilit\u00e0 e un ciclo di vita maggiore. Il copro della pompa \u00e8 in plastica con solfuro di polifenilene (PPS). Le pompe sono standard con valvola di sicurezza interna. Il motore \u00e8 in grado di lavorare a 220 V AC e 50 Hz. La portata massima della pompa \u00e8 115 l\/h a 3000 rpm. La pressione massima raggiunge i 10 bar.<\/p>\n<p>&nbsp;<\/p>\n\n<table id=\"tablepress-26\" class=\"tablepress tablepress-id-26 bdsit-table\">\n<thead>\n<tr class=\"row-1 odd\">\n\t<th class=\"column-1\">&nbsp;<\/th><th class=\"column-2\">Tecnologia<\/th><th class=\"column-3\">Portata<br \/>\n(MIN)<\/th><th class=\"column-4\">Portata<br \/>\n(MAX)<\/th><th class=\"column-5\">Pressione differenziale (MAX)<br \/>\n<\/th><th class=\"column-6\">Pressione statica<br \/>\n(MAX)<\/th>\n<\/tr>\n<\/thead>\n<tbody class=\"row-hover\">\n<tr class=\"row-2 even\">\n\t<td class=\"column-1\">POMPE A PALETTE SERIE PMFR<\/td><td class=\"column-2\">Pompe rotative a palette<\/td><td class=\"column-3\">90 l\/h<\/td><td class=\"column-4\">115 l\/h<\/td><td class=\"column-5\">10 bar<\/td><td class=\"column-6\">10 bar<\/td>\n<\/tr>\n<\/tbody>\n<\/table>","protected":false},"excerpt":{"rendered":"<p>La serie PMFR abbina le pompe volumetriche rotative a palette con un motore a velocit\u00e0 unica dalla massima efficienza, con un accoppiamento magnetico e privo di tenuta.<\/p>","protected":false},"featured_media":676,"template":"","meta":[],"_links":{"self":[{"href":"https:\/\/www.bd-sit.com\/it\/wp-json\/wp\/v2\/product\/674"}],"collection":[{"href":"https:\/\/www.bd-sit.com\/it\/wp-json\/wp\/v2\/product"}],"about":[{"href":"https:\/\/www.bd-sit.com\/it\/wp-json\/wp\/v2\/types\/product"}],"wp:featuredmedia":[{"embeddable":true,"href":"https:\/\/www.bd-sit.com\/it\/wp-json\/wp\/v2\/media\/676"}],"wp:attachment":[{"href":"https:\/\/www.bd-sit.com\/it\/wp-json\/wp\/v2\/media?parent=674"}],"curies":[{"name":"wp","href":"https:\/\/api.w.org\/{rel}","templated":true}]}}