{"id":662,"date":"2020-04-21T11:54:15","date_gmt":"2020-04-21T09:54:15","guid":{"rendered":"https:\/\/www.bd-sit.com\/?post_type=product&#038;p=662"},"modified":"2020-07-20T10:27:06","modified_gmt":"2020-07-20T08:27:06","slug":"tmcf01-07s-series-vane-pumps","status":"publish","type":"product","link":"https:\/\/www.bd-sit.com\/it\/prodotto\/tmcf01-07s-series-vane-pumps\/","title":{"rendered":"POMPE A PALETTE SERIE TMCF01-07S"},"content":{"rendered":"<p>I motori 220V AC della serie TMCF012S-07S sono progettati per accoppiarsi alle pompe volumetriche rotative a palette serie TM 30-200 e TM 300-400 per assicurare prestazioni e affidabilit\u00e0 ottimali per una vasta gamma di applicazioni. Includono un adattatore pompa-motore e un'ampia gamma di magneti da trascinamento con vari materiali e capacit\u00e0 di coppia. Le pompe sono disponibili con tenute statiche in NBR, EPDM, Viton o altri materiali per garantire la totale compatibilit\u00e0 chimica con un'ampia gamma di fluidi. Il corpo della pompa \u00e8 disponibile in ottone o in acciaio inossidabile. L'accoppiamento magnetico offre la massima affidabilit\u00e0 e un ciclo di vita pi\u00f9 lungo. Le unit\u00e0 sono in grado di gestire una portata compresa tra 100 e 550 l\/h con pressioni massime fino a 14 bar.<\/p>\n<p>&nbsp;<\/p>\n\n<table id=\"tablepress-23\" class=\"tablepress tablepress-id-23 bdsit-table\">\n<thead>\n<tr class=\"row-1 odd\">\n\t<th class=\"column-1\">&nbsp;<\/th><th class=\"column-2\">Tecnologia<\/th><th class=\"column-3\">Portata<br \/>\n(MIN)<\/th><th class=\"column-4\">Portata<br \/>\n(MAX)<\/th><th class=\"column-5\">Pressione differenziale (MAX)<br \/>\n<\/th><th class=\"column-6\">Pressione statica<br \/>\n(MAX)<\/th>\n<\/tr>\n<\/thead>\n<tbody class=\"row-hover\">\n<tr class=\"row-2 even\">\n\t<td class=\"column-1\">POMPE A PALETTE SERIE TMCF01-07S<\/td><td class=\"column-2\">Pompe rotative a palette<\/td><td class=\"column-3\">100 l\/h<\/td><td class=\"column-4\">500 l\/h<\/td><td class=\"column-5\">14 bar<\/td><td class=\"column-6\">20 bar<\/td>\n<\/tr>\n<\/tbody>\n<\/table>","protected":false},"excerpt":{"rendered":"<p>I motori 220V AC della serie TMCF012S-07S sono progettati per accoppiarsi alle pompe volumetriche rotative a palette serie TM 30-200 e TM 300-400 per assicurare prestazioni e affidabilit\u00e0 ottimali per una vasta gamma di applicazioni.<\/p>","protected":false},"featured_media":664,"template":"","meta":[],"_links":{"self":[{"href":"https:\/\/www.bd-sit.com\/it\/wp-json\/wp\/v2\/product\/662"}],"collection":[{"href":"https:\/\/www.bd-sit.com\/it\/wp-json\/wp\/v2\/product"}],"about":[{"href":"https:\/\/www.bd-sit.com\/it\/wp-json\/wp\/v2\/types\/product"}],"wp:featuredmedia":[{"embeddable":true,"href":"https:\/\/www.bd-sit.com\/it\/wp-json\/wp\/v2\/media\/664"}],"wp:attachment":[{"href":"https:\/\/www.bd-sit.com\/it\/wp-json\/wp\/v2\/media?parent=662"}],"curies":[{"name":"wp","href":"https:\/\/api.w.org\/{rel}","templated":true}]}}