{"id":647,"date":"2020-04-21T11:43:38","date_gmt":"2020-04-21T09:43:38","guid":{"rendered":"https:\/\/www.bd-sit.com\/?post_type=product&#038;p=647"},"modified":"2020-07-27T01:55:48","modified_gmt":"2020-07-26T23:55:48","slug":"ga-series-vane-pumps","status":"publish","type":"product","link":"https:\/\/www.bd-sit.com\/it\/prodotto\/ga-series-vane-pumps\/","title":{"rendered":"POMPE A PALETTE SERIE GA"},"content":{"rendered":"<p>La serie GA \u00e8 la pi\u00f9 piccola delle pompe rotative a palette Fluid-o-Tech. La configurazione standard include motori DC brush o brushless; su richiesta, sono comunque disponibili motori AC. Le parti interne sono in acciaio inossidabile e in grafite, mentre il corpo \u00e8 in acciaio inossidabile. Le portate nominali vanno da 30 a 130 l\/h a 1450 rpm. Tuttavia, la velocit\u00e0 pu\u00f2 essere modificata tra 500 e 3000 rpm e la portata varia in maniera proporzionale alla velocit\u00e0. La pressione massima \u00e8 10 bar.<\/p>\n<p>&nbsp;<\/p>\n\n<table id=\"tablepress-19\" class=\"tablepress tablepress-id-19 bdsit-table\">\n<thead>\n<tr class=\"row-1 odd\">\n\t<th class=\"column-1\">&nbsp;<\/th><th class=\"column-2\">Tecnologia<\/th><th class=\"column-3\">Portata<br \/>\n(MIN)<\/th><th class=\"column-4\">Portata<br \/>\n(MAX)<\/th><th class=\"column-5\">Pressione differenziale (MAX)<br \/>\n<\/th><th class=\"column-6\">Pressione statica<br \/>\n(MAX)<\/th>\n<\/tr>\n<\/thead>\n<tbody class=\"row-hover\">\n<tr class=\"row-2 even\">\n\t<td class=\"column-1\">POMPE A PALETTE SERIE GA<\/td><td class=\"column-2\">Pompe rotative a palette<\/td><td class=\"column-3\">30 l\/h<\/td><td class=\"column-4\">130 l\/h<\/td><td class=\"column-5\">10 bar<\/td><td class=\"column-6\">10 bar<\/td>\n<\/tr>\n<\/tbody>\n<\/table>","protected":false},"excerpt":{"rendered":"<p>La serie GA \u00e8 la pi\u00f9 piccola delle pompe rotative a palette Fluid-o-Tech. La configurazione standard include motori DC brush o brushless; su richiesta, sono comunque disponibili motori AC.<\/p>","protected":false},"featured_media":649,"template":"","meta":[],"_links":{"self":[{"href":"https:\/\/www.bd-sit.com\/it\/wp-json\/wp\/v2\/product\/647"}],"collection":[{"href":"https:\/\/www.bd-sit.com\/it\/wp-json\/wp\/v2\/product"}],"about":[{"href":"https:\/\/www.bd-sit.com\/it\/wp-json\/wp\/v2\/types\/product"}],"wp:featuredmedia":[{"embeddable":true,"href":"https:\/\/www.bd-sit.com\/it\/wp-json\/wp\/v2\/media\/649"}],"wp:attachment":[{"href":"https:\/\/www.bd-sit.com\/it\/wp-json\/wp\/v2\/media?parent=647"}],"curies":[{"name":"wp","href":"https:\/\/api.w.org\/{rel}","templated":true}]}}