{"id":642,"date":"2020-04-21T11:40:52","date_gmt":"2020-04-21T09:40:52","guid":{"rendered":"https:\/\/www.bd-sit.com\/?post_type=product&#038;p=642"},"modified":"2020-07-27T01:54:17","modified_gmt":"2020-07-26T23:54:17","slug":"co-mo-50-200-series-vane-pumps","status":"publish","type":"product","link":"https:\/\/www.bd-sit.com\/it\/prodotto\/co-mo-50-200-series-vane-pumps\/","title":{"rendered":"POMPE A PALETTE SERIE CO-MO 50-200"},"content":{"rendered":"<p>Le pompe volumetriche rotative a palette della serie CO\/MO 50-200 sono disponibili con corpo in ottone (entrambe le serie CO e MO) e in acciaio inossidabile (solo per la serie MO), con valvola di sicurezza interna e porte NPT o GAS 3\/8\u201d. L'intervallo di portata nominale \u00e8 50 - 200 l\/h a 1450 rpm. Qualsiasi pompa a palette di questa serie pu\u00f2 essere utilizzata anche a 1725 rpm e fornisce circa il 20% in pi\u00f9 di capacit\u00e0, con un massimo di 290 l\/h. La pressione massima \u00e8 16 bar. Con dimensioni pi\u00f9 contenute rispetto alla serie PO 70-400, possono essere montate direttamente sui motori NEMA 48Y, per mezzo di una fascetta e del relativo giunto.<\/p>\n<p>&nbsp;<\/p>\n\n<table id=\"tablepress-18\" class=\"tablepress tablepress-id-18 bdsit-table\">\n<thead>\n<tr class=\"row-1 odd\">\n\t<th class=\"column-1\">&nbsp;<\/th><th class=\"column-2\">Tecnologia<\/th><th class=\"column-3\">Portata<br \/>\n(MIN)<\/th><th class=\"column-4\">Portata<br \/>\n(MAX)<\/th><th class=\"column-5\">Pressione differenziale (MAX)<br \/>\n<\/th><th class=\"column-6\">Pressione statica<br \/>\n(MAX)<\/th>\n<\/tr>\n<\/thead>\n<tbody class=\"row-hover\">\n<tr class=\"row-2 even\">\n\t<td class=\"column-1\">POMPE A PALETTE SERIE CO-MO 50-200<\/td><td class=\"column-2\">Pompe rotative a palette<\/td><td class=\"column-3\">60 l\/h<\/td><td class=\"column-4\">240 l\/h<\/td><td class=\"column-5\">16 bar<\/td><td class=\"column-6\">20 bar<\/td>\n<\/tr>\n<\/tbody>\n<\/table>","protected":false},"excerpt":{"rendered":"<p>Le pompe volumetriche rotative a palette della serie CO\/MO 50-200 sono disponibili con corpo in ottone (entrambe le serie CO e MO) e in acciaio inossidabile (solo per la serie MO), con valvola di sicurezza interna e porte NPT o GAS 3\/8\u201d.<\/p>","protected":false},"featured_media":644,"template":"","meta":[],"_links":{"self":[{"href":"https:\/\/www.bd-sit.com\/it\/wp-json\/wp\/v2\/product\/642"}],"collection":[{"href":"https:\/\/www.bd-sit.com\/it\/wp-json\/wp\/v2\/product"}],"about":[{"href":"https:\/\/www.bd-sit.com\/it\/wp-json\/wp\/v2\/types\/product"}],"wp:featuredmedia":[{"embeddable":true,"href":"https:\/\/www.bd-sit.com\/it\/wp-json\/wp\/v2\/media\/644"}],"wp:attachment":[{"href":"https:\/\/www.bd-sit.com\/it\/wp-json\/wp\/v2\/media?parent=642"}],"curies":[{"name":"wp","href":"https:\/\/api.w.org\/{rel}","templated":true}]}}