{"id":630,"date":"2020-04-21T11:32:01","date_gmt":"2020-04-21T09:32:01","guid":{"rendered":"https:\/\/www.bd-sit.com\/?post_type=product&#038;p=630"},"modified":"2020-07-27T01:48:12","modified_gmt":"2020-07-26T23:48:12","slug":"po-4000-series-vane-pumps","status":"publish","type":"product","link":"https:\/\/www.bd-sit.com\/it\/prodotto\/po-4000-series-vane-pumps\/","title":{"rendered":"POMPE A PALETTE SERIE PO 4000"},"content":{"rendered":"<p>Le pompe volumetriche rotative a palette PO 4000 sono disponibili con corpo in acciaio inossidabile e connessioni 1\u201d NPT o GAS. L'intervallo di portata nominale \u00e8 1000 - 2300 l\/h a 1450 rpm. Qualsiasi pompa a palette di questa serie pu\u00f2 essere utilizzata anche a 1725 rpm e fornisce circa il 20% in pi\u00f9 di capacit\u00e0, con un massimo di 2700 l\/h. La pressione massima \u00e8 18 bar. Questa serie pu\u00f2 essere montata direttamente sui motori M80, M90 IEC e NEMA 56C mediante un adattatore e il relativo giunto.<\/p>\n<p>&nbsp;<\/p>\n\n<table id=\"tablepress-15\" class=\"tablepress tablepress-id-15 bdsit-table\">\n<thead>\n<tr class=\"row-1 odd\">\n\t<th class=\"column-1\">&nbsp;<\/th><th class=\"column-2\">Tecnologia<\/th><th class=\"column-3\">Portata<br \/>\n(MIN)<\/th><th class=\"column-4\">Portata<br \/>\n(MAX)<\/th><th class=\"column-5\">Pressione differenziale (MAX)<br \/>\n<\/th><th class=\"column-6\">Pressione statica<br \/>\n(MAX)<\/th>\n<\/tr>\n<\/thead>\n<tbody class=\"row-hover\">\n<tr class=\"row-2 even\">\n\t<td class=\"column-1\">POMPE A PALETTE SERIE PO 4000<\/td><td class=\"column-2\">Pompe rotative a palette<\/td><td class=\"column-3\">1000 l\/h<\/td><td class=\"column-4\">2300 l\/h<\/td><td class=\"column-5\">18 bar<\/td><td class=\"column-6\">20 bar<\/td>\n<\/tr>\n<\/tbody>\n<\/table>","protected":false},"excerpt":{"rendered":"<p>Le pompe volumetriche rotative a palette PO 4000 sono disponibili con corpo in acciaio inossidabile e connessioni 1\u201d NPT o GAS.<\/p>","protected":false},"featured_media":632,"template":"","meta":[],"_links":{"self":[{"href":"https:\/\/www.bd-sit.com\/it\/wp-json\/wp\/v2\/product\/630"}],"collection":[{"href":"https:\/\/www.bd-sit.com\/it\/wp-json\/wp\/v2\/product"}],"about":[{"href":"https:\/\/www.bd-sit.com\/it\/wp-json\/wp\/v2\/types\/product"}],"wp:featuredmedia":[{"embeddable":true,"href":"https:\/\/www.bd-sit.com\/it\/wp-json\/wp\/v2\/media\/632"}],"wp:attachment":[{"href":"https:\/\/www.bd-sit.com\/it\/wp-json\/wp\/v2\/media?parent=630"}],"curies":[{"name":"wp","href":"https:\/\/api.w.org\/{rel}","templated":true}]}}