{"id":626,"date":"2020-04-21T11:27:20","date_gmt":"2020-04-21T09:27:20","guid":{"rendered":"https:\/\/www.bd-sit.com\/?post_type=product&#038;p=626"},"modified":"2020-07-27T01:46:13","modified_gmt":"2020-07-26T23:46:13","slug":"tp-series-peristaltic-pumps","status":"publish","type":"product","link":"https:\/\/www.bd-sit.com\/it\/prodotto\/tp-series-peristaltic-pumps\/","title":{"rendered":"POMPE PERISTALTICHE SERIE TP"},"content":{"rendered":"<p>La tecnologia delle pompe peristaltiche Fluid-o-Tech offre ai costruttori di macchine dei pi\u00f9 svariati settori precisione, separazione totale tra pompa e fluido e costi contenuti. Elemento chiave del progetto \u00e8 l'eliminazione del tradizionale motoriduttore e un design che consente la sostituzione rapida del tubo, o della pompa completa molto velocemente e con il minimo sforzo. Le pompe peristaltiche della serie TP30 Fluid-o-Tech, con un range di portata da 50 a 800 ml\/min e disponibili con motori DC a spazzole e brushless, vantano una capacit\u00e0 di aspirazione eccezionale ed un'ottima ripetibilit\u00e0, rendendosi quindi ideali per la dosatura. Il tubo \u00e8 l\u2019unico materiale a contatto con il fluido e pu\u00f2 essere sostituito rapidamente in caso di nuovi fluidi. La testa della pompa pu\u00f2 essere affiancata al fine di avere una unit\u00e0 multi canale a trasmissione singola, una portata maggiore o per fornire flussi discreti.<\/p>\n<p>&nbsp;<\/p>\n\n<table id=\"tablepress-14\" class=\"tablepress tablepress-id-14 bdsit-table\">\n<thead>\n<tr class=\"row-1 odd\">\n\t<th class=\"column-1\">&nbsp;<\/th><th class=\"column-2\">Tecnologia<\/th><th class=\"column-3\">Portata<br \/>\n(MIN)<\/th><th class=\"column-4\">Portata<br \/>\n(MAX)<\/th><th class=\"column-5\">Pressione differenziale (MAX)<br \/>\n<\/th><th class=\"column-6\">Pressione statica<br \/>\n(MAX)<\/th>\n<\/tr>\n<\/thead>\n<tbody class=\"row-hover\">\n<tr class=\"row-2 even\">\n\t<td class=\"column-1\">POMPE PERISTALTICHE SERIE TP<\/td><td class=\"column-2\">Pompe peristaltiche<\/td><td class=\"column-3\">3 l\/h<\/td><td class=\"column-4\">45 l\/h<\/td><td class=\"column-5\">2 bar<\/td><td class=\"column-6\">0 bar<\/td>\n<\/tr>\n<\/tbody>\n<\/table>","protected":false},"excerpt":{"rendered":"<p>La tecnologia delle pompe peristaltiche Fluid-o-Tech offre ai costruttori di macchine dei pi\u00f9 svariati settori precisione, separazione totale tra pompa e fluido e costi contenuti.<\/p>","protected":false},"featured_media":628,"template":"","meta":[],"_links":{"self":[{"href":"https:\/\/www.bd-sit.com\/it\/wp-json\/wp\/v2\/product\/626"}],"collection":[{"href":"https:\/\/www.bd-sit.com\/it\/wp-json\/wp\/v2\/product"}],"about":[{"href":"https:\/\/www.bd-sit.com\/it\/wp-json\/wp\/v2\/types\/product"}],"wp:featuredmedia":[{"embeddable":true,"href":"https:\/\/www.bd-sit.com\/it\/wp-json\/wp\/v2\/media\/628"}],"wp:attachment":[{"href":"https:\/\/www.bd-sit.com\/it\/wp-json\/wp\/v2\/media?parent=626"}],"curies":[{"name":"wp","href":"https:\/\/api.w.org\/{rel}","templated":true}]}}