{"id":614,"date":"2020-04-21T11:15:15","date_gmt":"2020-04-21T09:15:15","guid":{"rendered":"https:\/\/www.bd-sit.com\/?post_type=product&#038;p=614"},"modified":"2020-07-27T01:42:04","modified_gmt":"2020-07-26T23:42:04","slug":"dgd-pro-pump-motor-unit","status":"publish","type":"product","link":"https:\/\/www.bd-sit.com\/it\/prodotto\/dgd-pro-pump-motor-unit\/","title":{"rendered":"UNITA' POMPA MOTORE DGD PRO"},"content":{"rendered":"<p>Le pompe a ingranaggi ad attacco diretto DGD PRO hanno il corpo in acciaio inossidabile AISI 316L e ingranaggi in Peek. Le connessioni sono 1\/8\u201d GAS in linea.\nProgettate per estendere le prestazioni delle pompe della serie DGD sia in termini di portata che di pressione, l\u2019unit\u00e0 pompa motore DGD PRO \u00e8 costruita per gestire liquidi alimentari in conformit\u00e0 con le norme pi\u00f9 severe.\nLe unit\u00e0 DGD PRO offrono prestazioni eccezionali con ingombro ridotto e sono disponibili con tecnologia brush e brushless per coprire la pi\u00f9 ampia gamma di applicazioni e richieste.<\/p>\n<p>&nbsp;<\/p>\n\n<table id=\"tablepress-11\" class=\"tablepress tablepress-id-11 bdsit-table\">\n<thead>\n<tr class=\"row-1 odd\">\n\t<th class=\"column-1\">&nbsp;<\/th><th class=\"column-2\">Tecnologia<\/th><th class=\"column-3\">Portata<br \/>\n(MIN)<\/th><th class=\"column-4\">Portata<br \/>\n(MAX)<\/th><th class=\"column-5\">Pressione differenziale (MAX)<br \/>\n<\/th><th class=\"column-6\">Pressione statica<br \/>\n(MAX)<\/th>\n<\/tr>\n<\/thead>\n<tbody class=\"row-hover\">\n<tr class=\"row-2 even\">\n\t<td class=\"column-1\">POMPE A INGRANAGGI SERIE PG300<\/td><td class=\"column-2\">Pompe a ingranaggi esterni<\/td><td class=\"column-3\">20 l\/h<\/td><td class=\"column-4\">140 l\/h<\/td><td class=\"column-5\">8 bar<\/td><td class=\"column-6\">10 bar<\/td>\n<\/tr>\n<\/tbody>\n<\/table>","protected":false},"excerpt":{"rendered":"<p>Le pompe a ingranaggi ad attacco diretto DGD PRO hanno il corpo in acciaio inossidabile AISI 316L e ingranaggi in Peek. Le connessioni sono 1\/8\u201d GAS in linea.<\/p>","protected":false},"featured_media":616,"template":"","meta":[],"_links":{"self":[{"href":"https:\/\/www.bd-sit.com\/it\/wp-json\/wp\/v2\/product\/614"}],"collection":[{"href":"https:\/\/www.bd-sit.com\/it\/wp-json\/wp\/v2\/product"}],"about":[{"href":"https:\/\/www.bd-sit.com\/it\/wp-json\/wp\/v2\/types\/product"}],"wp:featuredmedia":[{"embeddable":true,"href":"https:\/\/www.bd-sit.com\/it\/wp-json\/wp\/v2\/media\/616"}],"wp:attachment":[{"href":"https:\/\/www.bd-sit.com\/it\/wp-json\/wp\/v2\/media?parent=614"}],"curies":[{"name":"wp","href":"https:\/\/api.w.org\/{rel}","templated":true}]}}