{"id":602,"date":"2020-04-21T11:08:09","date_gmt":"2020-04-21T09:08:09","guid":{"rendered":"https:\/\/www.bd-sit.com\/?post_type=product&#038;p=602"},"modified":"2020-07-20T10:45:51","modified_gmt":"2020-07-20T08:45:51","slug":"fg100-series-pump-motor-unit","status":"publish","type":"product","link":"https:\/\/www.bd-sit.com\/it\/prodotto\/fg100-series-pump-motor-unit\/","title":{"rendered":"UNITA' POMPA MOTORE SERIE FG100"},"content":{"rendered":"<p>La serie Fluid-o-Tech FG100, nata dalla solida esperienza nel settore delle pompe ad ingranaggi a trascinamento magnetico, \u00e8 un'unit\u00e0 pompa-motore compatta e intelligente. Il corpo della pompa \u00e8 in acciaio inossidabile AISI 316L, mentre gli ingranaggi e le boccole sono in PEEK\u2122 o PTFE\u2122. Le guarnizioni in EPDM, NBR, PTFE\u2122, Silicone o Viton garantiscono la massima compatibilit\u00e0 chimica con un'ampia gamma di fluidi. Sono disponibili altri materiali, nonch\u00e9 un'ampia gamma di magneti. Le pompe di questa serie sono dotate di certificazione NSF per utilizzo con acqua potabile o fluidi per il consumo umano. Durante il funzionamento, le pompe della serie FG sono silenziose, prive di pulsazioni e sono in grado di gestire fluidi fino a 95\u00b0C con una pressione fino a 9 bar e una portata fino a 190 l\/h. L'integrazione della pompa con un motore in configurazione senza rotore, in cui non sono presenti parti in movimento, combinata con il trascinamento magnetico, d\u00e0 vita a un'unit\u00e0 eccezionalmente affidabile, priva di perdite e ad efficienza energetica. I componenti elettronici integrati consentono al motore DC brushless 24V della serie FG100 di rispondere ai segnali esterni e rendendo l'unit\u00e0 ideale per l'integrazione nei dispositivi pi\u00f9 complessi.<\/p>\n<p>&nbsp;<\/p>\n\n<table id=\"tablepress-8\" class=\"tablepress tablepress-id-8 bdsit-table\">\n<thead>\n<tr class=\"row-1 odd\">\n\t<th class=\"column-1\">&nbsp;<\/th><th class=\"column-2\">Tecnologia<\/th><th class=\"column-3\">Portata<br \/>\n(MIN)<\/th><th class=\"column-4\">Portata<br \/>\n(MAX)<\/th><th class=\"column-5\">Pressione differenziale (MAX)<br \/>\n<\/th><th class=\"column-6\">Pressione statica<br \/>\n(MAX)<\/th>\n<\/tr>\n<\/thead>\n<tbody class=\"row-hover\">\n<tr class=\"row-2 even\">\n\t<td class=\"column-1\">POMPE A INGRANAGGI SERIE PG300<\/td><td class=\"column-2\">Pompe a ingranaggi esterni<\/td><td class=\"column-3\">40 l\/h<\/td><td class=\"column-4\">190 l\/h<\/td><td class=\"column-5\">9 bar<\/td><td class=\"column-6\">20 bar<\/td>\n<\/tr>\n<\/tbody>\n<\/table>","protected":false},"excerpt":{"rendered":"<p>La serie Fluid-o-Tech FG100, nata dalla solida esperienza nel settore delle pompe ad ingranaggi a trascinamento magnetico, \u00e8 un'unit\u00e0 pompa-motore compatta e intelligente.<\/p>","protected":false},"featured_media":603,"template":"","meta":[],"_links":{"self":[{"href":"https:\/\/www.bd-sit.com\/it\/wp-json\/wp\/v2\/product\/602"}],"collection":[{"href":"https:\/\/www.bd-sit.com\/it\/wp-json\/wp\/v2\/product"}],"about":[{"href":"https:\/\/www.bd-sit.com\/it\/wp-json\/wp\/v2\/types\/product"}],"wp:featuredmedia":[{"embeddable":true,"href":"https:\/\/www.bd-sit.com\/it\/wp-json\/wp\/v2\/media\/603"}],"wp:attachment":[{"href":"https:\/\/www.bd-sit.com\/it\/wp-json\/wp\/v2\/media?parent=602"}],"curies":[{"name":"wp","href":"https:\/\/api.w.org\/{rel}","templated":true}]}}