{"id":598,"date":"2020-04-21T11:05:40","date_gmt":"2020-04-21T09:05:40","guid":{"rendered":"https:\/\/www.bd-sit.com\/?post_type=product&#038;p=598"},"modified":"2020-07-20T10:44:59","modified_gmt":"2020-07-20T08:44:59","slug":"mkcs08s-11s-series-drives","status":"publish","type":"product","link":"https:\/\/www.bd-sit.com\/it\/prodotto\/mkcs08s-11s-series-drives\/","title":{"rendered":"GRUPPI MOTORE SERIE MKCS08S-11S"},"content":{"rendered":"<p>I gruppi motore DC 12-24V brush delle serie MKCS08S e MKCS11S con velocit\u00e0 nominale di 3000 rpm sono robusti e costruiti per garantire performance ottimali e la massima affidabilit\u00e0 in tutte quelle applicazioni che richiedono un funzionamento a corrente alternata. Includono un adattatore pompa-motore per le pompe ad ingranaggi della serie MK e un'ampia gamma di magneti con vari materiali e capacit\u00e0 di coppia. Il motore DC consente il controllo della velocit\u00e0 tramite la variazione di potenza e offre un vasto ventaglio di prestazioni. Queste unit\u00e0 sono in grado di gestire una portata fino a 240 l\/h e una pressione fino a 10 bar. Le pompe sono disponibili con connessioni 1\/4\" GAS o NPT. Le guarnizioni sono disponibili in EPDM, NBR, PTFE\u2122, Silicone o Viton per garantire la totale compatibilit\u00e0 chimica con un'ampia gamma di fluidi. Il coproo della pompa e i componenti interni in metallo sono in acciaio inossidabile AISI 316 L, mentre gli ingranaggi e le boccole sono in PEEK\u2122 o PTFE\u2122. Sono disponibili altri materiali, nonch\u00e9 un'ampia gamma di magneti. Le pompe montate su questi gruppi motori sono certificate NSF per utilizzo con acqua potabile o fluidi per il consumo umano.<\/p>\n<p>&nbsp;<\/p>\n\n<table id=\"tablepress-7\" class=\"tablepress tablepress-id-7 bdsit-table\">\n<thead>\n<tr class=\"row-1 odd\">\n\t<th class=\"column-1\">&nbsp;<\/th><th class=\"column-2\">Tecnologia<\/th><th class=\"column-3\">Portata<br \/>\n(MIN)<\/th><th class=\"column-4\">Portata<br \/>\n(MAX)<\/th><th class=\"column-5\">Pressione differenziale (MAX)<br \/>\n<\/th><th class=\"column-6\">Pressione statica<br \/>\n(MAX)<\/th>\n<\/tr>\n<\/thead>\n<tbody class=\"row-hover\">\n<tr class=\"row-2 even\">\n\t<td class=\"column-1\">POMPE A INGRANAGGI SERIE PG300<\/td><td class=\"column-2\">Pompe a ingranaggi esterni<\/td><td class=\"column-3\">120 l\/h<\/td><td class=\"column-4\">240 l\/h<\/td><td class=\"column-5\">10 bar<\/td><td class=\"column-6\">20 bar<\/td>\n<\/tr>\n<\/tbody>\n<\/table>","protected":false},"excerpt":{"rendered":"<p>I gruppi motore DC 12-24V brush delle serie MKCS08S e MKCS11S con velocit\u00e0 nominale di 3000 rpm sono robusti e costruiti per garantire performance ottimali e la massima affidabilit\u00e0 in tutte quelle applicazioni che richiedono un funzionamento a corrente alternata.<\/p>","protected":false},"featured_media":599,"template":"","meta":[],"_links":{"self":[{"href":"https:\/\/www.bd-sit.com\/it\/wp-json\/wp\/v2\/product\/598"}],"collection":[{"href":"https:\/\/www.bd-sit.com\/it\/wp-json\/wp\/v2\/product"}],"about":[{"href":"https:\/\/www.bd-sit.com\/it\/wp-json\/wp\/v2\/types\/product"}],"wp:featuredmedia":[{"embeddable":true,"href":"https:\/\/www.bd-sit.com\/it\/wp-json\/wp\/v2\/media\/599"}],"wp:attachment":[{"href":"https:\/\/www.bd-sit.com\/it\/wp-json\/wp\/v2\/media?parent=598"}],"curies":[{"name":"wp","href":"https:\/\/api.w.org\/{rel}","templated":true}]}}