{"id":582,"date":"2020-04-20T17:28:27","date_gmt":"2020-04-20T15:28:27","guid":{"rendered":"https:\/\/www.bd-sit.com\/?post_type=product&#038;p=582"},"modified":"2020-07-27T01:30:59","modified_gmt":"2020-07-26T23:30:59","slug":"pg300-series-gear-pumps","status":"publish","type":"product","link":"https:\/\/www.bd-sit.com\/it\/prodotto\/pg300-series-gear-pumps\/","title":{"rendered":"POMPE A INGRANAGGI SERIE PG300"},"content":{"rendered":"<p>Le pompe ad ingranaggi a trascinamento magnetico della serie PG sono pompe compatte e con prestazioni di precisione, costruite per quelle applicazioni in cui \u00e8 difficile gestire i liquidi coinvolti e dove trovare soluzioni adeguate implica un ingente investimento economico. Realizzate per garantire il medesimo livello di performance della serie MG300, le pompe a ingranaggi della serie PG300 sono costruite con uno speciale grado di PPS per offrire la massima versatilit\u00e0 e eccezionali caratteristiche meccaniche cos\u00ec da garantire una vita utile prolungata. Con capacit\u00e0 di portata da 20 a 210 l\/h e pressione fino a 15 bar, durante il funzionamento le pompe della serie PG300 sono pulsation-free e sono in grado di gestire liquidi fino a 60\u00b0C (140\u00b0F). Gli ingranaggi e le boccole sono in PEEK\u2122 o PTFE\u2122. Sono disponibili altri materiali, nonch\u00e9 un'ampia gamma di magneti. La vasta gamma di elastomeri consente l'uso in una ampia variet\u00e0 di applicazioni. Sono altres\u00ec disponibili pompe dotate di certificazione NSF per utilizzo con acqua potabile o fluidi per il consumo umano.<\/p>\n<p>&nbsp;<\/p>\n\n<table id=\"tablepress-3\" class=\"tablepress tablepress-id-3 bdsit-table\">\n<thead>\n<tr class=\"row-1 odd\">\n\t<th class=\"column-1\">&nbsp;<\/th><th class=\"column-2\">Tecnologia<\/th><th class=\"column-3\">Portata<br \/>\n(MIN)<\/th><th class=\"column-4\">Portata<br \/>\n(MAX)<\/th><th class=\"column-5\">Pressione differenziale (MAX)<br \/>\n<\/th><th class=\"column-6\">Pressione statica<br \/>\n(MAX)<\/th>\n<\/tr>\n<\/thead>\n<tbody class=\"row-hover\">\n<tr class=\"row-2 even\">\n\t<td class=\"column-1\">POMPE A INGRANAGGI SERIE PG300<\/td><td class=\"column-2\">Pompe a ingranaggi esterni<\/td><td class=\"column-3\">20 l\/h<\/td><td class=\"column-4\">210 l\/h<\/td><td class=\"column-5\">15 bar<\/td><td class=\"column-6\">20 bar<\/td>\n<\/tr>\n<\/tbody>\n<\/table>","protected":false},"excerpt":{"rendered":"<p>Le pompe ad ingranaggi a trascinamento magnetico della serie PG sono pompe compatte e con prestazioni di precisione, costruite per quelle applicazioni in cui \u00e8 difficile gestire i liquidi coinvolti e dove trovare soluzioni adeguate implica un ingente investimento economico.<\/p>","protected":false},"featured_media":585,"template":"","meta":[],"_links":{"self":[{"href":"https:\/\/www.bd-sit.com\/it\/wp-json\/wp\/v2\/product\/582"}],"collection":[{"href":"https:\/\/www.bd-sit.com\/it\/wp-json\/wp\/v2\/product"}],"about":[{"href":"https:\/\/www.bd-sit.com\/it\/wp-json\/wp\/v2\/types\/product"}],"wp:featuredmedia":[{"embeddable":true,"href":"https:\/\/www.bd-sit.com\/it\/wp-json\/wp\/v2\/media\/585"}],"wp:attachment":[{"href":"https:\/\/www.bd-sit.com\/it\/wp-json\/wp\/v2\/media?parent=582"}],"curies":[{"name":"wp","href":"https:\/\/api.w.org\/{rel}","templated":true}]}}